{"id":148,"date":"2015-05-12T13:34:07","date_gmt":"2015-05-12T13:34:07","guid":{"rendered":"http:\/\/fis.ucv.cl\/workshop2015\/?page_id=148"},"modified":"2019-03-11T19:26:44","modified_gmt":"2019-03-11T22:26:44","slug":"history","status":"publish","type":"page","link":"https:\/\/fis.ucv.cl\/workshop2019\/?page_id=148","title":{"rendered":"<!- History ->"},"content":{"rendered":"<p><img loading=\"lazy\" class=\" wp-image-155 alignright\" src=\"http:\/\/fis.ucv.cl\/workshop2017\/wp-content\/uploads\/2014\/02\/5.jpg\" alt=\"5\" width=\"330\" height=\"230\" srcset=\"https:\/\/fis.ucv.cl\/workshop2019\/wp-content\/uploads\/2014\/02\/5.jpg 1437w, https:\/\/fis.ucv.cl\/workshop2019\/wp-content\/uploads\/2014\/02\/5-300x209.jpg 300w, https:\/\/fis.ucv.cl\/workshop2019\/wp-content\/uploads\/2014\/02\/5-1024x713.jpg 1024w\" sizes=\"(max-width: 330px) 100vw, 330px\" \/><\/p>\n<p style=\"text-align: justify;\"><span style=\"font-weight: 400;\">This Workshop is a regular meeting taking place in Vi\u00f1a del Mar, Chile, since December 1985. To our knowledge, it is the first regular international meeting of Physics taking place in Chile every two years. Furthermore, it is the oldest meeting in South America on Nonlinear Physics. It has played a great role in the development of Physics in Chile, especially in the area of Nonlinear Physics and NonEquilibrium Statistical Mechanics. Since the first Workshop, we focused in a meeting having an important pedagogical component. We can say today that we have been successful given the great development of Nonlinear Physics in Chile.<\/span><\/p>\n<p><span style=\"font-weight: 400;\">FOTO 1: V Workshop on Instabilities and non-equilibrium structures, Chile 1993<\/span><\/p>\n<p>&nbsp;<\/p>\n<p style=\"text-align: justify;\"><span style=\"font-weight: 400;\">The Proceedings have been published regularly with Kluwer Academic Publishers (Holland) in the Series on Nonlinear Phenomena and Complex Systems of the Centro de F\u00edsica No Lineal y Sistemas Complejos de Santiago (CFNL). The founder and Director of the Workshop is Enrique Tirapegui, who is also founder of the Non Linear Group in la Escuela de Ingenier\u00eda y Ciencias de la Facultad de F\u00edsica y Matem\u00e1tica de la Universidad de Chile and Founder and Director of the CFNL, with the help of Professor Danilo Villarroel of University Federico Santa Maria. Since the third edition, the workshop has been organized in collaboration with Pontificia Universidad Cat\u00f3lica de Valpara\u00edso, being Walter Zeller (until 1995) and Javier Mart\u00ednez, main organizers from PUCV side.<\/span><\/p>\n<p><a href=\"http:\/\/fis.ucv.cl\/workshop2019\/wp-content\/uploads\/2019\/01\/history2.jpg\" rel=\"attachment wp-att-581\"><img loading=\"lazy\" class=\"size-medium wp-image-581 alignleft\" src=\"http:\/\/fis.ucv.cl\/workshop2019\/wp-content\/uploads\/2019\/01\/history2-300x161.jpg\" alt=\"history2\" width=\"300\" height=\"161\" srcset=\"https:\/\/fis.ucv.cl\/workshop2019\/wp-content\/uploads\/2019\/01\/history2-300x161.jpg 300w, https:\/\/fis.ucv.cl\/workshop2019\/wp-content\/uploads\/2019\/01\/history2-768x413.jpg 768w, https:\/\/fis.ucv.cl\/workshop2019\/wp-content\/uploads\/2019\/01\/history2.jpg 812w\" sizes=\"(max-width: 300px) 100vw, 300px\" \/><\/a>FOTO 2: XVI Workshop on Instabilities and non-equilibrium structures, Valparaiso 2017.<\/p>\n<p>&nbsp;<\/p>\n<p>&nbsp;<\/p>\n<p><img loading=\"lazy\" class=\"wp-image-400 alignleft\" src=\"http:\/\/fis.ucv.cl\/workshop2017\/wp-content\/uploads\/2014\/02\/IMG_3636.jpg\" alt=\"IMG_3636\" width=\"146\" height=\"195\" srcset=\"https:\/\/fis.ucv.cl\/workshop2019\/wp-content\/uploads\/2014\/02\/IMG_3636.jpg 2448w, https:\/\/fis.ucv.cl\/workshop2019\/wp-content\/uploads\/2014\/02\/IMG_3636-225x300.jpg 225w, https:\/\/fis.ucv.cl\/workshop2019\/wp-content\/uploads\/2014\/02\/IMG_3636-768x1024.jpg 768w\" sizes=\"(max-width: 146px) 100vw, 146px\" \/><\/p>\n<p style=\"text-align: justify;\"><span style=\"font-weight: 400;\">Two previous Workshops deserve a special mention since they were in honor of the 60 years of two world known scientists in the area which have been essential in the creation and the development of this meeting: the 12th one in 2009 in honor of Professor Pierre Coullet and the 14th in 2013 in honor of Professor Marc Etienne Brachet<\/span><\/p>\n<p>&nbsp;<\/p>\n<p><span style=\"font-weight: 400;\">FOTO 3: <\/span><span style=\"font-weight: 400;\">Pierre Coullet, <\/span><span style=\"font-weight: 400;\">XVI Workshop on Instabilities and Non-equilibrium structures, Chile 2015<\/span><\/p>\n<p>FOTO 4: Dinner, XVI Workshop on Instabilities and Non-equilibrium structures, Chile 2015 (From left to right: Orazio Descalzi, Amin Chabchoub, Edward Ar\u00e9valo, Saliya Coulibaly, Marcel Clerc, Mustapha Tlidi, Ignacio Ortega, Majid Taki, Cristina Masoller, Mario Wilson and M\u00f3nica Garc\u00eda \u00d1ustes)<\/p>\n<p><img loading=\"lazy\" class=\"aligncenter wp-image-398\" src=\"http:\/\/fis.ucv.cl\/workshop2017\/wp-content\/uploads\/2014\/02\/IMG_3618.jpg\" alt=\"IMG_3618\" width=\"414\" height=\"311\" srcset=\"https:\/\/fis.ucv.cl\/workshop2019\/wp-content\/uploads\/2014\/02\/IMG_3618.jpg 3264w, https:\/\/fis.ucv.cl\/workshop2019\/wp-content\/uploads\/2014\/02\/IMG_3618-300x225.jpg 300w, https:\/\/fis.ucv.cl\/workshop2019\/wp-content\/uploads\/2014\/02\/IMG_3618-768x576.jpg 768w, https:\/\/fis.ucv.cl\/workshop2019\/wp-content\/uploads\/2014\/02\/IMG_3618-1024x768.jpg 1024w\" sizes=\"(max-width: 414px) 100vw, 414px\" \/><\/p>\n<p>FOTO 5: Enrique Tirapegui\u2019s Speech, XVI Workshop on Instabilities and Non-equilibrium structures, Chile 2015 (In front: G\u00fcnter Radons, Igor Aranson, Pierre Coullet and Giorgio Sonnino)<\/p>\n<p><img loading=\"lazy\" class=\"aligncenter wp-image-399\" src=\"http:\/\/fis.ucv.cl\/workshop2017\/wp-content\/uploads\/2014\/02\/IMG_3629.jpg\" alt=\"IMG_3629\" width=\"410\" height=\"307\" srcset=\"https:\/\/fis.ucv.cl\/workshop2019\/wp-content\/uploads\/2014\/02\/IMG_3629.jpg 3264w, https:\/\/fis.ucv.cl\/workshop2019\/wp-content\/uploads\/2014\/02\/IMG_3629-300x225.jpg 300w, https:\/\/fis.ucv.cl\/workshop2019\/wp-content\/uploads\/2014\/02\/IMG_3629-768x576.jpg 768w, https:\/\/fis.ucv.cl\/workshop2019\/wp-content\/uploads\/2014\/02\/IMG_3629-1024x768.jpg 1024w\" sizes=\"(max-width: 410px) 100vw, 410px\" \/><\/p>\n<div dir=\"auto\"><\/div>\n<div dir=\"auto\"><span style=\"color: #333333; font-family: Georgia, Bitstream Charter, serif; font-size: medium;\">Historical organizer:<\/span><\/div>\n<div dir=\"auto\"><span style=\"color: #333333; font-family: Georgia, Bitstream Charter, serif; font-size: medium;\">\u00a0<\/span><\/div>\n<div dir=\"auto\"><span style=\"color: #333333; font-family: Georgia, Bitstream Charter, serif; font-size: medium;\">Danilo Villarroel<\/span><\/div>\n<div dir=\"auto\"><span style=\"color: #333333; font-family: Georgia, Bitstream Charter, serif; font-size: medium;\">Walter Zeller<\/span><\/div>\n<div dir=\"auto\"><span style=\"color: #333333; font-family: Georgia, Bitstream Charter, serif; font-size: medium;\">Javier Mart\u00ednez<\/span><\/div>\n<div dir=\"auto\"><span style=\"color: #333333; font-family: Georgia, Bitstream Charter, serif; font-size: medium;\">Orazio Descalzi<\/span><\/div>\n<div dir=\"auto\"><span style=\"color: #333333; font-family: Georgia, Bitstream Charter, serif; font-size: medium;\">Sergio Rica<\/span><\/div>\n<div dir=\"auto\"><span style=\"color: #333333; font-family: Georgia, Bitstream Charter, serif; font-size: medium;\">Marcel Clerc<\/span><\/div>\n<div dir=\"auto\"><span style=\"color: #333333; font-family: Georgia, Bitstream Charter, serif; font-size: medium;\">Carlos Cartes<\/span><\/div>\n<div dir=\"auto\"><span style=\"color: #333333; font-family: Georgia, Bitstream Charter, serif; font-size: medium;\">Giorgio Krustolovich<\/span><\/div>\n<div dir=\"auto\"><span style=\"color: #333333; font-family: Georgia, Bitstream Charter, serif; font-size: medium;\">Marc Etienne\u00a0Brachet\u00a0<\/span><\/div>\n<div dir=\"auto\"><span style=\"color: #333333; font-family: Georgia, Bitstream Charter, serif; font-size: medium;\">M\u00f3nica Garc\u00eda<\/span><\/div>\n<div dir=\"auto\"><span style=\"color: #333333; font-family: Georgia, Bitstream Charter, serif; font-size: medium;\">Ren\u00e9 Rojas<\/span><\/div>\n<div dir=\"auto\"><span style=\"color: #333333; font-family: Georgia, Bitstream Charter, serif; font-size: medium;\">Mustapha Tlidi<\/span><\/div>\n<p>&nbsp;<\/p>\n","protected":false},"excerpt":{"rendered":"<p>This Workshop is a regular meeting taking place in Vi\u00f1a del Mar, Chile, since December 1985. To our knowledge, it is the first regular international meeting of Physics taking place in Chile every two years. Furthermore, it is the oldest meeting in South America on Nonlinear Physics. It has played a great role in the [&hellip;]<\/p>\n","protected":false},"author":2,"featured_media":0,"parent":0,"menu_order":0,"comment_status":"closed","ping_status":"closed","template":"onecolumn-page.php","meta":[],"_links":{"self":[{"href":"https:\/\/fis.ucv.cl\/workshop2019\/index.php?rest_route=\/wp\/v2\/pages\/148"}],"collection":[{"href":"https:\/\/fis.ucv.cl\/workshop2019\/index.php?rest_route=\/wp\/v2\/pages"}],"about":[{"href":"https:\/\/fis.ucv.cl\/workshop2019\/index.php?rest_route=\/wp\/v2\/types\/page"}],"author":[{"embeddable":true,"href":"https:\/\/fis.ucv.cl\/workshop2019\/index.php?rest_route=\/wp\/v2\/users\/2"}],"replies":[{"embeddable":true,"href":"https:\/\/fis.ucv.cl\/workshop2019\/index.php?rest_route=%2Fwp%2Fv2%2Fcomments&post=148"}],"version-history":[{"count":13,"href":"https:\/\/fis.ucv.cl\/workshop2019\/index.php?rest_route=\/wp\/v2\/pages\/148\/revisions"}],"predecessor-version":[{"id":691,"href":"https:\/\/fis.ucv.cl\/workshop2019\/index.php?rest_route=\/wp\/v2\/pages\/148\/revisions\/691"}],"wp:attachment":[{"href":"https:\/\/fis.ucv.cl\/workshop2019\/index.php?rest_route=%2Fwp%2Fv2%2Fmedia&parent=148"}],"curies":[{"name":"wp","href":"https:\/\/api.w.org\/{rel}","templated":true}]}}